{"id":1056,"date":"2026-01-05T16:22:48","date_gmt":"2026-01-05T16:22:48","guid":{"rendered":"https:\/\/zumhessenkrug.de\/?page_id=1056"},"modified":"2026-03-07T08:24:47","modified_gmt":"2026-03-07T08:24:47","slug":"buffets","status":"publish","type":"page","link":"https:\/\/zumhessenkrug.de\/?page_id=1056","title":{"rendered":"Buffets"},"content":{"rendered":"\n<p class=\"has-text-align-center has-vivid-red-color has-text-color has-link-color wp-elements-73e570dd9ffaaacb1f48e4584c96e951\" style=\"font-size:30px\">Jeden 1. Sonntag im Monat <strong>von 9:30 &#8211; 15:00 Uhr<\/strong> gro\u00dfes<\/p>\n\n\n\n<p class=\"has-text-align-center has-text-color has-link-color has-x-large-font-size wp-elements-3300c0700cec0ea4e17f5b610a080fbb\" style=\"color:#fa0404\"><strong>Brunch-Buffet<\/strong><\/p>\n\n\n\n<div class=\"wp-block-group\"><div class=\"wp-block-group__inner-container is-layout-constrained wp-block-group-is-layout-constrained\">\n<p class=\"has-text-align-center has-cyan-bluish-gray-color has-text-color has-link-color wp-elements-5da8fcd3cee70c04d86cc4c0aa65e4f0\" style=\"font-size:24px\"><strong>Kaffee<\/strong><\/p>\n\n\n\n<p class=\"has-text-align-center has-cyan-bluish-gray-color has-text-color has-link-color wp-elements-54327bb009d168ba1211e2670dbde1e7\" style=\"font-size:24px\"><strong>Orangensaft<\/strong><\/p>\n\n\n\n<p class=\"has-text-align-center has-cyan-bluish-gray-color has-text-color has-link-color wp-elements-ca897d035e1bdc9d04cf9a02aff882b4\" style=\"font-size:24px\"><strong>Milch<\/strong><\/p>\n\n\n\n<p class=\"has-text-align-center has-cyan-bluish-gray-color has-text-color has-link-color wp-elements-d840eaf28fb48fa98b3ee302b3e09cc5\" style=\"font-size:24px\"><strong>M\u00fcsli<\/strong><\/p>\n\n\n\n<p class=\"has-text-align-center has-cyan-bluish-gray-color has-text-color has-link-color wp-elements-91b1c2672205d486831a42f04b6deae7\" style=\"font-size:24px\"><strong>Joghurt<\/strong><\/p>\n\n\n\n<p class=\"has-text-align-center has-cyan-bluish-gray-color has-text-color has-link-color wp-elements-85e7bcfbbdc44fc8b2aa1d86134c1e7a\" style=\"font-size:24px\"><strong>Obst<\/strong><\/p>\n\n\n\n<p class=\"has-text-align-center has-cyan-bluish-gray-color has-text-color has-link-color wp-elements-01046822377f260adf6bcc37c7a11f97\" style=\"font-size:24px\"><strong>R\u00fchreier<\/strong><\/p>\n\n\n\n<p class=\"has-text-align-center has-cyan-bluish-gray-color has-text-color has-link-color wp-elements-a0388987ad6920a783675ad46a963902\" style=\"font-size:24px\"><strong>gekochte Eier<\/strong><\/p>\n\n\n\n<p class=\"has-text-align-center has-cyan-bluish-gray-color has-text-color has-link-color wp-elements-2c96e0bdd0fd4972b6a3e7171441a8a9\" style=\"font-size:24px\"><strong>Bratw\u00fcrstchen<\/strong><\/p>\n\n\n\n<p class=\"has-text-align-center has-cyan-bluish-gray-color has-text-color has-link-color wp-elements-0bde8f06a7608fa5b807af34b8b955af\" style=\"font-size:24px\"><strong>gegrillter Baken <\/strong><\/p>\n\n\n\n<p class=\"has-text-align-center has-cyan-bluish-gray-color has-text-color has-link-color wp-elements-7ad975b0c3958fc327d21d038435899c\" style=\"font-size:24px\"><strong>Wurstsorten<\/strong><\/p>\n\n\n\n<p class=\"has-text-align-center has-cyan-bluish-gray-color has-text-color has-link-color wp-elements-87d78083b335cecd5c520bcbbccf0fb1\" style=\"font-size:24px\"><strong>Schinken<\/strong><\/p>\n\n\n\n<p class=\"has-text-align-center has-cyan-bluish-gray-color has-text-color has-link-color wp-elements-7be915d5601cb36b00612e26bd33e298\" style=\"font-size:24px\"><strong>K\u00e4sesorten<\/strong><\/p>\n\n\n\n<p class=\"has-text-align-center has-cyan-bluish-gray-color has-text-color has-link-color wp-elements-78b4c3d90d4c31e1e53c5ace191d3920\" style=\"font-size:24px\"><strong>Gebeizter Lachs<\/strong><\/p>\n\n\n\n<p class=\"has-text-align-center has-cyan-bluish-gray-color has-text-color has-link-color wp-elements-8f1303ba251d8982949e31f288932bc7\" style=\"font-size:24px\"><strong>R\u00e4ucherforellen-Filet<\/strong><\/p>\n\n\n\n<p class=\"has-text-align-center has-cyan-bluish-gray-color has-text-color has-link-color wp-elements-e518f6dea89b91e4b5c30cfe465f2b40\" style=\"font-size:24px\"><strong>Suppe<\/strong><\/p>\n\n\n\n<p class=\"has-text-align-center has-cyan-bluish-gray-color has-text-color has-link-color wp-elements-ca59d14dfb52ca27d4df082663c24917\" style=\"font-size:24px\"><strong>Marmeladensorten<\/strong><\/p>\n\n\n\n<p class=\"has-text-align-center has-cyan-bluish-gray-color has-text-color has-link-color wp-elements-d14a53ab85854829b69dc35bbf0bc879\" style=\"font-size:24px\"><strong>Honig<\/strong><\/p>\n\n\n\n<p class=\"has-text-align-center has-cyan-bluish-gray-color has-text-color has-link-color wp-elements-b9c0688fd1d7588296cbd107828cc2f0\" style=\"font-size:24px\"><strong>Butter<\/strong><\/p>\n\n\n\n<p class=\"has-text-align-center has-cyan-bluish-gray-color has-text-color has-link-color wp-elements-15fb41dfc9f1e3a68c373959e44e4e60\" style=\"font-size:24px\"><strong>Margariene<\/strong><\/p>\n\n\n\n<p class=\"has-text-align-center has-cyan-bluish-gray-color has-text-color has-link-color wp-elements-4c48f019633a3fd8da833db306c89390\" style=\"font-size:24px\"><strong>Brotsorten<\/strong><\/p>\n\n\n\n<p class=\"has-text-align-center has-cyan-bluish-gray-color has-text-color has-link-color wp-elements-8e400cbcf71bfefe51d2558ea5aba330\" style=\"font-size:24px\"><strong>Br\u00f6tchen<\/strong><\/p>\n\n\n\n<p class=\"has-text-align-center has-cyan-bluish-gray-color has-text-color has-link-color wp-elements-00c4d7e2f8ee0a08601b35413adddf2c\" style=\"font-size:24px\"><strong>Chroissants <\/strong><\/p>\n\n\n\n<p class=\"has-text-align-center has-cyan-bluish-gray-color has-text-color has-link-color wp-elements-a521122fc3ed36545f712ccc1dd75377\" style=\"font-size:24px\"><strong>Bratwurst<\/strong><\/p>\n\n\n\n<p class=\"has-text-align-center has-cyan-bluish-gray-color has-text-color has-link-color wp-elements-161aeed782cf4d74f98b26f1409eb126\" style=\"font-size:24px\"><strong>Schnitzel<\/strong><\/p>\n\n\n\n<p class=\"has-text-align-center has-cyan-bluish-gray-color has-text-color has-link-color wp-elements-70a2222f72d478c9d836a0a6fb897405\" style=\"font-size:24px\"><strong>Pommes<\/strong><\/p>\n\n\n\n<p class=\"has-text-align-center has-cyan-bluish-gray-color has-text-color has-link-color wp-elements-e9f904276f46c73f931dd1bd6680f57d\" style=\"font-size:24px\"><strong>Bratkartoffeln<\/strong><\/p>\n\n\n\n<p class=\"has-text-align-center has-cyan-bluish-gray-color has-text-color has-link-color wp-elements-5625b9fd5083f158918ef7a8f81d266f\" style=\"font-size:24px\"><strong>Nudeln in Tomatenso\u00dfe<\/strong><\/p>\n\n\n\n<p class=\"has-text-align-center has-cyan-bluish-gray-color has-text-color has-link-color wp-elements-7f31cbef94f81d6e07dda38904ff4096\" style=\"font-size:24px\"><strong>Pudding<\/strong><\/p>\n\n\n\n<p class=\"has-text-align-center has-cyan-bluish-gray-color has-text-color has-link-color wp-elements-2461d9bff4a1a66d6a766847fc33d850\" style=\"font-size:24px\"><strong>und vieles mehr <\/strong><\/p>\n<\/div><\/div>\n\n\n\n<p class=\"has-text-align-center has-vivid-red-color has-text-color has-link-color has-x-large-font-size wp-elements-77994b0e82c89581bded28b6374bf2dd\"><strong><em>pro Person <\/em>24,90 <\/strong><\/p>\n\n\n\n<p class=\"has-text-align-center has-large-font-size\">Reservierung erw\u00fcnscht !<\/p>\n\n\n\n<p><\/p>\n","protected":false},"excerpt":{"rendered":"<p>Jeden 1. Sonntag im Monat von 9:30 &#8211; 15:00 Uhr gro\u00dfes Brunch-Buffet Kaffee Orangensaft Milch M\u00fcsli Joghurt Obst R\u00fchreier gekochte Eier Bratw\u00fcrstchen gegrillter Baken Wurstsorten Schinken K\u00e4sesorten Gebeizter Lachs R\u00e4ucherforellen-Filet Suppe Marmeladensorten Honig Butter Margariene Brotsorten Br\u00f6tchen Chroissants Bratwurst Schnitzel Pommes Bratkartoffeln Nudeln in Tomatenso\u00dfe Pudding und vieles mehr pro Person 24,90 Reservierung erw\u00fcnscht !<\/p>\n","protected":false},"author":1,"featured_media":0,"parent":0,"menu_order":0,"comment_status":"closed","ping_status":"closed","template":"","meta":{"footnotes":""},"class_list":["post-1056","page","type-page","status-publish","hentry"],"_links":{"self":[{"href":"https:\/\/zumhessenkrug.de\/index.php?rest_route=\/wp\/v2\/pages\/1056","targetHints":{"allow":["GET"]}}],"collection":[{"href":"https:\/\/zumhessenkrug.de\/index.php?rest_route=\/wp\/v2\/pages"}],"about":[{"href":"https:\/\/zumhessenkrug.de\/index.php?rest_route=\/wp\/v2\/types\/page"}],"author":[{"embeddable":true,"href":"https:\/\/zumhessenkrug.de\/index.php?rest_route=\/wp\/v2\/users\/1"}],"replies":[{"embeddable":true,"href":"https:\/\/zumhessenkrug.de\/index.php?rest_route=%2Fwp%2Fv2%2Fcomments&post=1056"}],"version-history":[{"count":5,"href":"https:\/\/zumhessenkrug.de\/index.php?rest_route=\/wp\/v2\/pages\/1056\/revisions"}],"predecessor-version":[{"id":1231,"href":"https:\/\/zumhessenkrug.de\/index.php?rest_route=\/wp\/v2\/pages\/1056\/revisions\/1231"}],"wp:attachment":[{"href":"https:\/\/zumhessenkrug.de\/index.php?rest_route=%2Fwp%2Fv2%2Fmedia&parent=1056"}],"curies":[{"name":"wp","href":"https:\/\/api.w.org\/{rel}","templated":true}]}}