{"id":24,"date":"2025-08-21T13:38:24","date_gmt":"2025-08-21T13:38:24","guid":{"rendered":"https:\/\/zumhessenkrug.de\/?page_id=24"},"modified":"2025-12-27T14:43:40","modified_gmt":"2025-12-27T14:43:40","slug":"kontakt-zahlungsmoeglichkeiten","status":"publish","type":"page","link":"https:\/\/zumhessenkrug.de\/?page_id=24","title":{"rendered":"Kontakt + Zahlungsm\u00f6glichkeiten"},"content":{"rendered":"\n<p class=\"has-luminous-vivid-amber-color has-text-color has-link-color wp-elements-c70fc5b965288ee21a5253333d0ad30f\" style=\"font-size:24px\"><strong>Hinweis: an 2026 neue \u00d6ffnungszeiten, siehe NEWS<\/strong><\/p>\n\n\n\n<p class=\"has-cyan-bluish-gray-color has-text-color has-link-color has-large-font-size wp-elements-e3f02bbfd71bf3a33e05348febc49e5c\"><strong>Kontaktdaten:<\/strong><\/p>\n\n\n\n<ul class=\"wp-block-list\">\n<li class=\"has-vivid-red-color has-text-color has-link-color has-medium-font-size wp-elements-3842f2336a32291a95335d22d1c4fbd1\"><strong>Speisegastst\u00e4tte Zum Hessenkrug<\/strong><\/li>\n\n\n\n<li class=\"has-vivid-red-color has-text-color has-link-color has-medium-font-size wp-elements-8506a7f354d0eb07460efb57a5e8df79\">Am Wolfsfeld 52 in 65191 Wiesbaden-Bierstadt<\/li>\n\n\n\n<li class=\"has-vivid-red-color has-text-color has-link-color has-medium-font-size wp-elements-f1acf31e979c2ac83d79d91a8f63ace2\"><strong>Telefon:<\/strong> 0611-724 333 44<\/li>\n\n\n\n<li class=\"has-vivid-red-color has-text-color has-link-color has-medium-font-size wp-elements-0c2e6dc062af1f3d6400c49fa1afd74c\"><strong>E-Mail: <\/strong>info@zumhessenkrug.de<\/li>\n\n\n\n<li class=\"has-vivid-red-color has-text-color has-link-color has-medium-font-size wp-elements-bc0d1bba738536e82158690d10eb76f2\"><strong>URL:<\/strong> www.zumhessenkrug.de<\/li>\n<\/ul>\n\n\n\n<p class=\"has-cyan-bluish-gray-color has-text-color has-link-color has-large-font-size wp-elements-3ad8778d24260eef299ad28d9bc01d39\"><strong>Zahlungsm\u00f6glichkeiten:<\/strong><\/p>\n\n\n\n<p class=\"has-luminous-vivid-orange-color has-text-color has-link-color wp-elements-6b132108f5537cc244ed350180c469dd\" style=\"font-size:24px\"><strong><em>Kartenzahlung m\u00f6glich<\/em><\/strong><\/p>\n\n\n\n<p class=\"has-cyan-bluish-gray-color has-text-color has-link-color has-medium-font-size wp-elements-a186611b72395ee8bef6347e07527661\"><strong>Sie k\u00f6nnen bei uns wie folgt bezahlen:<\/strong> <\/p>\n\n\n\n<ul class=\"wp-block-list\">\n<li class=\"has-cyan-bluish-gray-color has-text-color has-link-color wp-elements-04d41c8888712e76935ccc21e11d1822\" style=\"font-size:24px\">bar<\/li>\n\n\n\n<li class=\"has-cyan-bluish-gray-color has-text-color has-link-color wp-elements-b23aa2b77903ce4db415868d03625f93\" style=\"font-size:24px\">Pay Pal <em>demn\u00e4chst<\/em>, noch mit Einschr\u00e4nkung<\/li>\n\n\n\n<li class=\"has-cyan-bluish-gray-color has-text-color has-link-color wp-elements-2b3636056f6f9c6d3ca4c519707064de\" style=\"font-size:24px\">Mastercard <\/li>\n\n\n\n<li class=\"has-cyan-bluish-gray-color has-text-color has-link-color wp-elements-2f3c3759cc060c3c4e548bb3a91a6aa5\" style=\"font-size:24px\">Maestro-Karte<\/li>\n\n\n\n<li class=\"has-cyan-bluish-gray-color has-text-color has-link-color wp-elements-0c9edc4b004d7fef95134f5f20476a2e\" style=\"font-size:24px\"><strong>ec-Card<\/strong> (girocard)<\/li>\n\n\n\n<li class=\"has-cyan-bluish-gray-color has-text-color has-link-color wp-elements-25e031897d278a6c4508681dcd20f40c\" style=\"font-size:24px\"><strong>Apple-Pay<\/strong><\/li>\n\n\n\n<li class=\"has-cyan-bluish-gray-color has-text-color has-link-color wp-elements-b45eeb1ca4e74fc5815ca5f3cc171e28\" style=\"font-size:24px\"><strong>Google-Pay<\/strong><\/li>\n\n\n\n<li class=\"has-cyan-bluish-gray-color has-text-color has-link-color wp-elements-b0149bdc0b414c13a4e8ebdf60067093\" style=\"font-size:24px\"><strong>V-Pay<\/strong><\/li>\n\n\n\n<li class=\"has-text-color has-link-color has-large-font-size wp-elements-98cdf49e8f800c82abd013e2f4acf502\" style=\"color:#fa0101\"><strong>Es werden keine VISA und keine AMEX-Karten akzeptiert<\/strong>!<\/li>\n<\/ul>\n\n\n\n<p class=\"has-cyan-bluish-gray-color has-text-color has-link-color has-large-font-size wp-elements-8146e9378394a80a383474f09cf8dec2\"><strong>Bei Abholservice:<\/strong><\/p>\n\n\n\n<p class=\"has-vivid-red-color has-text-color has-link-color has-medium-font-size wp-elements-c51d9991548a51f639148765a67f9cce\">F\u00fcr Geschirr, Besteck, Sch\u00fcsseln, Beh\u00e4lter und Partyplatten ist jeweils eine Kaution zu leisten.<\/p>\n\n\n\n<p class=\"has-vivid-red-color has-text-color has-link-color has-medium-font-size wp-elements-0cea70de0622782c70b0c1adb0182da1\">Die <strong>Kaution<\/strong> betr\u00e4gt <strong>20 % des Warenwertes<\/strong> und wird bei R\u00fcckgabe zur\u00fcck erstattet.<\/p>\n\n\n\n<p class=\"has-cyan-bluish-gray-color has-text-color has-link-color has-large-font-size wp-elements-c184d8ef9347c5e7b1b01c1bfe66422a\"><strong>Bei Feierlichkeiten:<\/strong><\/p>\n\n\n\n<div class=\"wp-block-group is-vertical is-layout-flex wp-container-core-group-is-layout-8cf370e7 wp-block-group-is-layout-flex\">\n<p class=\"has-vivid-red-color has-text-color has-link-color has-medium-font-size wp-elements-1db1288ea4b40b35536f0852900f4305\"><strong>Bei Feierlichkeiten aller Art<\/strong>, sind Speisen und Getr\u00e4nke rechtzeitig <strong>im Voraus<\/strong> zu <strong>bestellen<\/strong>. <\/p>\n\n\n\n<p class=\"has-vivid-red-color has-text-color has-link-color has-medium-font-size wp-elements-5dad9865477f2f7f48cd53b7c6414693\">(<em>mindestens 14 Tage vorher<\/em>)<\/p>\n\n\n\n<p class=\"has-vivid-red-color has-text-color has-link-color has-medium-font-size wp-elements-182ee48470255ab55573940a7e2748ac\"><strong>Mit der Bestellung ist eine Anzahlung<\/strong> zu leisten. Der Rest am Tag der Feier.<\/p>\n\n\n\n<p class=\"has-vivid-red-color has-text-color has-link-color has-medium-font-size wp-elements-f58fce4a7034952e8ea294e88de10ad6\">Anzahlungen und Restzahlungen k\u00f6nnen nach vorheriger R\u00fccksprache auch per \u00dcberweisung geleistet werden.<\/p>\n\n\n\n<p class=\"has-text-color has-link-color wp-elements-d23b1f84720de53b1783eef1da31f262\" style=\"color:#fa0202;font-size:24px\"><strong>Lastschriften sind n i c h t m\u00f6glich.<\/strong><\/p>\n\n\n\n<p class=\"has-vivid-red-color has-text-color has-link-color has-medium-font-size wp-elements-4540dffbf3d8a8d1f3ba393448732ec5\">Vielen Dank f\u00fcr Ihr Verst\u00e4ndnis.<\/p>\n<\/div>\n\n\n\n<p class=\"has-text-color has-link-color has-medium-font-size wp-elements-bf8b5fe9b52b2ce0884cf8dbfd1d8344\" style=\"color:#0711e3\"><strong>Ihr Hessenkrug-Team<\/strong><\/p>\n\n\n\n<p><\/p>\n","protected":false},"excerpt":{"rendered":"<p>Hinweis: an 2026 neue \u00d6ffnungszeiten, siehe NEWS Kontaktdaten: Zahlungsm\u00f6glichkeiten: Kartenzahlung m\u00f6glich Sie k\u00f6nnen bei uns wie folgt bezahlen: Bei Abholservice: F\u00fcr Geschirr, Besteck, Sch\u00fcsseln, Beh\u00e4lter und Partyplatten ist jeweils eine Kaution zu leisten. Die Kaution betr\u00e4gt 20 % des Warenwertes und wird bei R\u00fcckgabe zur\u00fcck erstattet. Bei Feierlichkeiten: Bei Feierlichkeiten aller Art, sind Speisen und [&hellip;]<\/p>\n","protected":false},"author":1,"featured_media":0,"parent":0,"menu_order":0,"comment_status":"closed","ping_status":"closed","template":"","meta":{"footnotes":""},"class_list":["post-24","page","type-page","status-publish","hentry"],"_links":{"self":[{"href":"https:\/\/zumhessenkrug.de\/index.php?rest_route=\/wp\/v2\/pages\/24","targetHints":{"allow":["GET"]}}],"collection":[{"href":"https:\/\/zumhessenkrug.de\/index.php?rest_route=\/wp\/v2\/pages"}],"about":[{"href":"https:\/\/zumhessenkrug.de\/index.php?rest_route=\/wp\/v2\/types\/page"}],"author":[{"embeddable":true,"href":"https:\/\/zumhessenkrug.de\/index.php?rest_route=\/wp\/v2\/users\/1"}],"replies":[{"embeddable":true,"href":"https:\/\/zumhessenkrug.de\/index.php?rest_route=%2Fwp%2Fv2%2Fcomments&post=24"}],"version-history":[{"count":13,"href":"https:\/\/zumhessenkrug.de\/index.php?rest_route=\/wp\/v2\/pages\/24\/revisions"}],"predecessor-version":[{"id":1024,"href":"https:\/\/zumhessenkrug.de\/index.php?rest_route=\/wp\/v2\/pages\/24\/revisions\/1024"}],"wp:attachment":[{"href":"https:\/\/zumhessenkrug.de\/index.php?rest_route=%2Fwp%2Fv2%2Fmedia&parent=24"}],"curies":[{"name":"wp","href":"https:\/\/api.w.org\/{rel}","templated":true}]}}