{"id":240,"date":"2025-08-26T18:59:11","date_gmt":"2025-08-26T18:59:11","guid":{"rendered":"https:\/\/zumhessenkrug.de\/?page_id=240"},"modified":"2026-02-26T16:13:58","modified_gmt":"2026-02-26T16:13:58","slug":"wildpraet","status":"publish","type":"page","link":"https:\/\/zumhessenkrug.de\/?page_id=240","title":{"rendered":"Wildbret"},"content":{"rendered":"\n<p class=\"has-text-align-center has-vivid-green-cyan-color has-text-color has-link-color has-large-font-size wp-elements-68796965aec69062c3b0d98f4fca21c6\">  <strong>Direkt vom J\u00e4ger aus der Region<\/strong><\/p>\n\n\n\n<p class=\"has-text-align-center has-luminous-vivid-amber-color has-text-color has-link-color has-medium-font-size wp-elements-d44ff6b53366a7eb50aef02958563870\"><strong>Alle Gerichte Bierne und Preiselbeeren serviert.<\/strong><\/p>\n\n\n<div class=\"wp-block-image\">\n<figure class=\"aligncenter size-full is-resized\"><img loading=\"lazy\" decoding=\"async\" width=\"113\" height=\"113\" src=\"https:\/\/zumhessenkrug.de\/wp-content\/uploads\/2026\/01\/Hirsch-1.jpg\" alt=\"\" class=\"wp-image-1129\" style=\"width:179px;height:auto\"\/><\/figure>\n<\/div>\n\n\n<p class=\"has-text-align-center has-large-font-size\"><strong>Direkt vom J\u00e4ger aus der Region<\/strong><\/p>\n\n\n\n<p class=\"has-text-align-center has-vivid-red-color has-text-color has-link-color has-medium-font-size wp-elements-4e149614050107c3f0b444b576d695a4\"><strong>Wildbratwurst<\/strong> ca 135 g<\/p>\n\n\n\n<p class=\"has-text-align-center\">mit Bratkartoffeln und Rotkohl<\/p>\n\n\n\n<p class=\"has-text-align-center\"><strong>18,90<\/strong><\/p>\n\n\n\n<p class=\"has-text-align-center has-vivid-red-color has-text-color has-link-color has-medium-font-size wp-elements-90cd735d28828735d13195c45408a0c4\"><strong>Rehgulasch<\/strong><\/p>\n\n\n\n<p class=\"has-text-align-center\">mit Sp\u00e4tzle und Rotkohl<\/p>\n\n\n\n<p class=\"has-text-align-center\"><strong>29,50<\/strong><\/p>\n\n\n\n<p class=\"has-text-align-center has-vivid-red-color has-text-color has-link-color has-medium-font-size wp-elements-c994a207cf50061766c7dd169a422daf\"><strong>Wildschwein-Medallions<\/strong> mit Steinpilze<\/p>\n\n\n\n<p class=\"has-text-align-center\">dazu Kroketten, Rotkohl und Preiselbeeren<\/p>\n\n\n\n<p class=\"has-text-align-center\"><strong>28,90<\/strong><\/p>\n\n\n\n<p class=\"has-text-align-center has-luminous-vivid-amber-color has-text-color has-link-color has-medium-font-size wp-elements-846ebb5f81667f9f92c936e1e2d2ec19\"><strong>sowie je nach Saison die Tagesangebote:<\/strong><\/p>\n\n\n\n<p class=\"has-text-align-center has-vivid-red-color has-text-color has-link-color has-medium-font-size wp-elements-652355b7437defd2b8575c98a6782036\">Rehr\u00fccken, Rehgulasch, Hirschgulasch, Hirschsteaks, Wildschweinbraten, <\/p>\n\n\n\n<p class=\"has-text-align-center has-vivid-red-color has-text-color has-link-color has-medium-font-size wp-elements-a5665f76067f506205ab1cb4d920f348\">Wildbretplatte f\u00fcr 2,4,6 oder mehr Personen<\/p>\n\n\n\n<p class=\"has-text-align-center has-luminous-vivid-amber-color has-text-color has-link-color wp-elements-34cd32cad0880ab6805b3cd220e3ddb0\" style=\"font-size:24px\"><strong>Bitte beachten Sie die Anschreibtafeln im Restaurant!<\/strong><\/p>\n\n\n\n<p class=\"has-text-align-center\"><\/p>\n\n\n\n<p><\/p>\n","protected":false},"excerpt":{"rendered":"<p>Direkt vom J\u00e4ger aus der Region Alle Gerichte Bierne und Preiselbeeren serviert. Direkt vom J\u00e4ger aus der Region Wildbratwurst ca 135 g mit Bratkartoffeln und Rotkohl 18,90 Rehgulasch mit Sp\u00e4tzle und Rotkohl 29,50 Wildschwein-Medallions mit Steinpilze dazu Kroketten, Rotkohl und Preiselbeeren 28,90 sowie je nach Saison die Tagesangebote: Rehr\u00fccken, Rehgulasch, Hirschgulasch, Hirschsteaks, Wildschweinbraten, Wildbretplatte f\u00fcr [&hellip;]<\/p>\n","protected":false},"author":1,"featured_media":0,"parent":0,"menu_order":0,"comment_status":"closed","ping_status":"closed","template":"","meta":{"footnotes":""},"class_list":["post-240","page","type-page","status-publish","hentry"],"_links":{"self":[{"href":"https:\/\/zumhessenkrug.de\/index.php?rest_route=\/wp\/v2\/pages\/240","targetHints":{"allow":["GET"]}}],"collection":[{"href":"https:\/\/zumhessenkrug.de\/index.php?rest_route=\/wp\/v2\/pages"}],"about":[{"href":"https:\/\/zumhessenkrug.de\/index.php?rest_route=\/wp\/v2\/types\/page"}],"author":[{"embeddable":true,"href":"https:\/\/zumhessenkrug.de\/index.php?rest_route=\/wp\/v2\/users\/1"}],"replies":[{"embeddable":true,"href":"https:\/\/zumhessenkrug.de\/index.php?rest_route=%2Fwp%2Fv2%2Fcomments&post=240"}],"version-history":[{"count":23,"href":"https:\/\/zumhessenkrug.de\/index.php?rest_route=\/wp\/v2\/pages\/240\/revisions"}],"predecessor-version":[{"id":1217,"href":"https:\/\/zumhessenkrug.de\/index.php?rest_route=\/wp\/v2\/pages\/240\/revisions\/1217"}],"wp:attachment":[{"href":"https:\/\/zumhessenkrug.de\/index.php?rest_route=%2Fwp%2Fv2%2Fmedia&parent=240"}],"curies":[{"name":"wp","href":"https:\/\/api.w.org\/{rel}","templated":true}]}}