{"id":28,"date":"2025-08-21T13:38:24","date_gmt":"2025-08-21T13:38:24","guid":{"rendered":"https:\/\/zumhessenkrug.de\/?page_id=28"},"modified":"2025-08-25T09:49:55","modified_gmt":"2025-08-25T09:49:55","slug":"agbs-datenschutz","status":"publish","type":"page","link":"https:\/\/zumhessenkrug.de\/?page_id=28","title":{"rendered":"AGBs + Datenschutz"},"content":{"rendered":"<div class=\"wp-block-image\">\n<figure class=\"aligncenter size-full is-resized\"><img loading=\"lazy\" decoding=\"async\" width=\"500\" height=\"526\" src=\"https:\/\/zumhessenkrug.de\/wp-content\/uploads\/2025\/08\/agb-allgemeine-geschaeftsbedingungen-500x526-1.jpg\" alt=\"\" class=\"wp-image-160\" style=\"width:145px;height:auto\" srcset=\"https:\/\/zumhessenkrug.de\/wp-content\/uploads\/2025\/08\/agb-allgemeine-geschaeftsbedingungen-500x526-1.jpg 500w, https:\/\/zumhessenkrug.de\/wp-content\/uploads\/2025\/08\/agb-allgemeine-geschaeftsbedingungen-500x526-1-285x300.jpg 285w\" sizes=\"auto, (max-width: 500px) 100vw, 500px\" \/><\/figure>\n<\/div>\n\n\n<p class=\"has-medium-font-size\">Diese Seite wird gerade erstellt.<\/p>\n\n\n\n<p class=\"has-medium-font-size\">Bis zur Fertigstellung gelten f\u00fcr alle gesch\u00e4ftlichen Aktivit\u00e4ten und Websiteinhalte<\/p>\n\n\n\n<p class=\"has-medium-font-size\">die Regelungen nach BGB, sowie der jeweils g\u00fcltigen Datenschutzbestimmungen.<\/p>\n\n\n\n<p class=\"has-medium-font-size\"><strong>Ihr Hessenkrug-Team<\/strong><\/p>\n\n\n\n<p class=\"has-medium-font-size\"><\/p>\n\n\n\n<p><\/p>\n","protected":false},"excerpt":{"rendered":"<p>Diese Seite wird gerade erstellt. Bis zur Fertigstellung gelten f\u00fcr alle gesch\u00e4ftlichen Aktivit\u00e4ten und Websiteinhalte die Regelungen nach BGB, sowie der jeweils g\u00fcltigen Datenschutzbestimmungen. Ihr Hessenkrug-Team<\/p>\n","protected":false},"author":1,"featured_media":0,"parent":0,"menu_order":0,"comment_status":"closed","ping_status":"closed","template":"","meta":{"footnotes":""},"class_list":["post-28","page","type-page","status-publish","hentry"],"_links":{"self":[{"href":"https:\/\/zumhessenkrug.de\/index.php?rest_route=\/wp\/v2\/pages\/28","targetHints":{"allow":["GET"]}}],"collection":[{"href":"https:\/\/zumhessenkrug.de\/index.php?rest_route=\/wp\/v2\/pages"}],"about":[{"href":"https:\/\/zumhessenkrug.de\/index.php?rest_route=\/wp\/v2\/types\/page"}],"author":[{"embeddable":true,"href":"https:\/\/zumhessenkrug.de\/index.php?rest_route=\/wp\/v2\/users\/1"}],"replies":[{"embeddable":true,"href":"https:\/\/zumhessenkrug.de\/index.php?rest_route=%2Fwp%2Fv2%2Fcomments&post=28"}],"version-history":[{"count":2,"href":"https:\/\/zumhessenkrug.de\/index.php?rest_route=\/wp\/v2\/pages\/28\/revisions"}],"predecessor-version":[{"id":161,"href":"https:\/\/zumhessenkrug.de\/index.php?rest_route=\/wp\/v2\/pages\/28\/revisions\/161"}],"wp:attachment":[{"href":"https:\/\/zumhessenkrug.de\/index.php?rest_route=%2Fwp%2Fv2%2Fmedia&parent=28"}],"curies":[{"name":"wp","href":"https:\/\/api.w.org\/{rel}","templated":true}]}}