{"id":591,"date":"2025-09-14T08:42:46","date_gmt":"2025-09-14T08:42:46","guid":{"rendered":"https:\/\/zumhessenkrug.de\/?page_id=591"},"modified":"2026-01-29T15:01:52","modified_gmt":"2026-01-29T15:01:52","slug":"kegelbahn","status":"publish","type":"page","link":"https:\/\/zumhessenkrug.de\/?page_id=591","title":{"rendered":"KEGELBAHN-INFOS"},"content":{"rendered":"\n<p class=\"has-medium-font-size\">a) Die Kegelbahnen sind <strong>zu den \u00d6ffnungszeiten der Gastst\u00e4tte<\/strong> ge\u00f6ffnet, nicht an Sonn- und  Feiertagen <em>(In Ausnahmef\u00e4llen nur nach vorheriger R\u00fccksprache mit dem Wirt)<\/em><\/p>\n\n\n\n<p class=\"has-medium-font-size\">b) Spielende ist jeweils 30 Minuten vor Ende der \u00d6ffnungszeiten<\/p>\n\n\n\n<p class=\"has-medium-font-size\">c) <strong>Zutritt<\/strong> <strong>ab 16 Jahren<\/strong>, bis 15 Jahren nur in Begleitung eines Erwachsenen.<\/p>\n\n\n\n<p>d) Die Bahnen d\u00fcrfen nicht mit Stra\u00dfenschuhe betreten werden. Gesonderte Schuhe werden nicht zur Verf\u00fcgung gestellt und sind selbst mitzubringen.<\/p>\n\n\n\n<p>e) Auf den Bahnen d\u00fcrfen keine Speisen und\/oder Getr\u00e4nke mitgebracht und\/oder verzehrt werden.<\/p>\n\n\n\n<p class=\"has-luminous-vivid-amber-color has-text-color has-link-color wp-elements-b02d820877458ae89caab7ad5465073f\"><strong>Speisen und Getr\u00e4nke<\/strong> servieren wir gerne in der Kegelbahn, wo auch gegessen werden kann.<\/p>\n\n\n\n<figure class=\"wp-block-gallery has-nested-images columns-default is-cropped wp-block-gallery-1 is-layout-flex wp-block-gallery-is-layout-flex\">\n<figure class=\"wp-block-image size-large\"><img loading=\"lazy\" decoding=\"async\" width=\"1024\" height=\"768\" data-id=\"785\" src=\"https:\/\/zumhessenkrug.de\/wp-content\/uploads\/2025\/10\/Kegelb.-1-4EFB4D23008B-1024x768.jpeg\" alt=\"\" class=\"wp-image-785\" srcset=\"https:\/\/zumhessenkrug.de\/wp-content\/uploads\/2025\/10\/Kegelb.-1-4EFB4D23008B-1024x768.jpeg 1024w, https:\/\/zumhessenkrug.de\/wp-content\/uploads\/2025\/10\/Kegelb.-1-4EFB4D23008B-300x225.jpeg 300w, https:\/\/zumhessenkrug.de\/wp-content\/uploads\/2025\/10\/Kegelb.-1-4EFB4D23008B-768x576.jpeg 768w, https:\/\/zumhessenkrug.de\/wp-content\/uploads\/2025\/10\/Kegelb.-1-4EFB4D23008B-1536x1153.jpeg 1536w, https:\/\/zumhessenkrug.de\/wp-content\/uploads\/2025\/10\/Kegelb.-1-4EFB4D23008B-2048x1537.jpeg 2048w\" sizes=\"auto, (max-width: 1024px) 100vw, 1024px\" \/><\/figure>\n\n\n\n<figure class=\"wp-block-image size-large\"><img loading=\"lazy\" decoding=\"async\" width=\"1024\" height=\"768\" data-id=\"788\" src=\"https:\/\/zumhessenkrug.de\/wp-content\/uploads\/2025\/10\/Kegelb.-2-1024x768.jpeg\" alt=\"\" class=\"wp-image-788\" srcset=\"https:\/\/zumhessenkrug.de\/wp-content\/uploads\/2025\/10\/Kegelb.-2-1024x768.jpeg 1024w, https:\/\/zumhessenkrug.de\/wp-content\/uploads\/2025\/10\/Kegelb.-2-300x225.jpeg 300w, https:\/\/zumhessenkrug.de\/wp-content\/uploads\/2025\/10\/Kegelb.-2-768x576.jpeg 768w, https:\/\/zumhessenkrug.de\/wp-content\/uploads\/2025\/10\/Kegelb.-2-1536x1153.jpeg 1536w, https:\/\/zumhessenkrug.de\/wp-content\/uploads\/2025\/10\/Kegelb.-2-2048x1537.jpeg 2048w\" sizes=\"auto, (max-width: 1024px) 100vw, 1024px\" \/><\/figure>\n<\/figure>\n\n\n\n<p class=\"has-cyan-bluish-gray-color has-text-color has-link-color wp-elements-5915c53d01f66770b40e9473611724df\" style=\"font-size:24px\">Alles N\u00e4here siehe www.kegelbahn-wiesbaden.de<\/p>\n\n\n\n<p>Wir w\u00fcnschen Euch viel Spa\u00df.<\/p>\n\n\n\n<p class=\"has-vivid-cyan-blue-color has-text-color has-link-color has-medium-font-size wp-elements-05bc0fc10b25a7d41a9faa294f2eee28\"><strong>Euer Hessenkrug-Team<\/strong><\/p>\n\n\n\n<p><\/p>\n","protected":false},"excerpt":{"rendered":"<p>a) Die Kegelbahnen sind zu den \u00d6ffnungszeiten der Gastst\u00e4tte ge\u00f6ffnet, nicht an Sonn- und Feiertagen (In Ausnahmef\u00e4llen nur nach vorheriger R\u00fccksprache mit dem Wirt) b) Spielende ist jeweils 30 Minuten vor Ende der \u00d6ffnungszeiten c) Zutritt ab 16 Jahren, bis 15 Jahren nur in Begleitung eines Erwachsenen. d) Die Bahnen d\u00fcrfen nicht mit Stra\u00dfenschuhe betreten [&hellip;]<\/p>\n","protected":false},"author":1,"featured_media":0,"parent":0,"menu_order":0,"comment_status":"closed","ping_status":"closed","template":"","meta":{"footnotes":""},"class_list":["post-591","page","type-page","status-publish","hentry"],"_links":{"self":[{"href":"https:\/\/zumhessenkrug.de\/index.php?rest_route=\/wp\/v2\/pages\/591","targetHints":{"allow":["GET"]}}],"collection":[{"href":"https:\/\/zumhessenkrug.de\/index.php?rest_route=\/wp\/v2\/pages"}],"about":[{"href":"https:\/\/zumhessenkrug.de\/index.php?rest_route=\/wp\/v2\/types\/page"}],"author":[{"embeddable":true,"href":"https:\/\/zumhessenkrug.de\/index.php?rest_route=\/wp\/v2\/users\/1"}],"replies":[{"embeddable":true,"href":"https:\/\/zumhessenkrug.de\/index.php?rest_route=%2Fwp%2Fv2%2Fcomments&post=591"}],"version-history":[{"count":43,"href":"https:\/\/zumhessenkrug.de\/index.php?rest_route=\/wp\/v2\/pages\/591\/revisions"}],"predecessor-version":[{"id":1144,"href":"https:\/\/zumhessenkrug.de\/index.php?rest_route=\/wp\/v2\/pages\/591\/revisions\/1144"}],"wp:attachment":[{"href":"https:\/\/zumhessenkrug.de\/index.php?rest_route=%2Fwp%2Fv2%2Fmedia&parent=591"}],"curies":[{"name":"wp","href":"https:\/\/api.w.org\/{rel}","templated":true}]}}